{"id":93,"date":"2025-04-22T22:14:15","date_gmt":"2025-04-22T21:14:15","guid":{"rendered":"https:\/\/mallacom85.wordpress.com\/?page_id=93"},"modified":"2025-05-17T17:52:57","modified_gmt":"2025-05-17T16:52:57","slug":"creation-de-contenu-digital","status":"publish","type":"page","link":"https:\/\/mallacom.tn\/?page_id=93","title":{"rendered":""},"content":{"rendered":"\n<div style=\"height:0px\" aria-hidden=\"true\" class=\"wp-block-spacer\"><\/div>\n\n\n\n<p><\/p>\n\n\n\n<p><\/p>\n\n\n\n<section class=\"hero-centered\">\n  <h1>Cr\u00e9ation de contenu digital<\/h1>\n\n  <p>Mettez vos produits et votre lieu en valeur ! Le contenu visuel est la cl\u00e9 pour attirer l\u2019attention. Nous cr\u00e9ons pour vous des photos et vid\u00e9os qui donnent envie \u00e0 vos clients de d\u00e9couvrir votre activit\u00e9.<\/p>\n<\/section>\n<section class=\"services\">\n  <div class=\"service\">\n    \n    <h3>Shooting photo<\/h3>\n    <p>Mise en valeur de vos produits, de votre \u00e9quipe ou de votre espace avec des clich\u00e9s professionnels et engageants.<\/p>\n  <\/div>\n  <div class=\"service\">\n    <h3>Vid\u00e9os courtes<\/h3>\n    <p>Reels, TikToks, stories ou teasers \u2014 des formats dynamiques, adapt\u00e9s \u00e0 vos r\u00e9seaux sociaux pour plus d\u2019impact.<\/p>\n  <\/div>\n  <div class=\"service\">\n    <h3>Retouches et montage<\/h3>\n    <p>On s\u2019occupe de tout : retouches, montage et rendu final. Vous n\u2019avez qu\u2019\u00e0 publier votre contenu cl\u00e9 en main !<\/p>\n  <\/div>\n<\/section>\n\n<section class=\"cta\">\n  <h2>\ud83d\udcf7 Travail rapide, livraison optimis\u00e9e<\/h2>\n  <a href=\"https:\/\/mallacom.tn\/?page_id=193\" class=\"cta-button\">Contactez-nous<\/a>\n<\/section>\n\n\n\n\n<p><\/p>\n","protected":false},"excerpt":{"rendered":"<p>Cr\u00e9ation de contenu digital Mettez vos produits et votre lieu en valeur ! Le contenu visuel est la cl\u00e9 pour [&hellip;]<\/p>\n","protected":false},"author":1,"featured_media":0,"parent":0,"menu_order":0,"comment_status":"closed","ping_status":"closed","template":"","meta":{"site-sidebar-layout":"default","site-content-layout":"","ast-site-content-layout":"default","site-content-style":"default","site-sidebar-style":"default","ast-global-header-display":"","ast-banner-title-visibility":"","ast-main-header-display":"","ast-hfb-above-header-display":"","ast-hfb-below-header-display":"","ast-hfb-mobile-header-display":"","site-post-title":"","ast-breadcrumbs-content":"","ast-featured-img":"","footer-sml-layout":"","ast-disable-related-posts":"","theme-transparent-header-meta":"","adv-header-id-meta":"","stick-header-meta":"","header-above-stick-meta":"","header-main-stick-meta":"","header-below-stick-meta":"","astra-migrate-meta-layouts":"default","ast-page-background-enabled":"default","ast-page-background-meta":{"desktop":{"background-color":"var(--ast-global-color-5)","background-image":"","background-repeat":"repeat","background-position":"center center","background-size":"auto","background-attachment":"scroll","background-type":"","background-media":"","overlay-type":"","overlay-color":"","overlay-opacity":"","overlay-gradient":""},"tablet":{"background-color":"","background-image":"","background-repeat":"repeat","background-position":"center center","background-size":"auto","background-attachment":"scroll","background-type":"","background-media":"","overlay-type":"","overlay-color":"","overlay-opacity":"","overlay-gradient":""},"mobile":{"background-color":"","background-image":"","background-repeat":"repeat","background-position":"center center","background-size":"auto","background-attachment":"scroll","background-type":"","background-media":"","overlay-type":"","overlay-color":"","overlay-opacity":"","overlay-gradient":""}},"ast-content-background-meta":{"desktop":{"background-color":"var(--ast-global-color-4)","background-image":"","background-repeat":"repeat","background-position":"center center","background-size":"auto","background-attachment":"scroll","background-type":"","background-media":"","overlay-type":"","overlay-color":"","overlay-opacity":"","overlay-gradient":""},"tablet":{"background-color":"var(--ast-global-color-4)","background-image":"","background-repeat":"repeat","background-position":"center center","background-size":"auto","background-attachment":"scroll","background-type":"","background-media":"","overlay-type":"","overlay-color":"","overlay-opacity":"","overlay-gradient":""},"mobile":{"background-color":"var(--ast-global-color-4)","background-image":"","background-repeat":"repeat","background-position":"center center","background-size":"auto","background-attachment":"scroll","background-type":"","background-media":"","overlay-type":"","overlay-color":"","overlay-opacity":"","overlay-gradient":""}},"footnotes":""},"class_list":["post-93","page","type-page","status-publish","hentry"],"yoast_head":"<!-- This site is optimized with the Yoast SEO plugin v27.2 - https:\/\/yoast.com\/product\/yoast-seo-wordpress\/ -->\n<title>- MallaCom<\/title>\n<meta name=\"robots\" content=\"index, follow, max-snippet:-1, max-image-preview:large, max-video-preview:-1\" \/>\n<link rel=\"canonical\" href=\"https:\/\/mallacom.tn\/?page_id=93\" \/>\n<meta property=\"og:locale\" content=\"fr_FR\" \/>\n<meta property=\"og:type\" content=\"article\" \/>\n<meta property=\"og:title\" content=\"- MallaCom\" \/>\n<meta property=\"og:description\" content=\"Cr\u00e9ation de contenu digital Mettez vos produits et votre lieu en valeur ! Le contenu visuel est la cl\u00e9 pour [&hellip;]\" \/>\n<meta property=\"og:url\" content=\"https:\/\/mallacom.tn\/?page_id=93\" \/>\n<meta property=\"og:site_name\" content=\"MallaCom\" \/>\n<meta property=\"article:publisher\" content=\"https:\/\/www.facebook.com\/share\/19N8hXDuaQ\/?mibextid=wwXIfr\" \/>\n<meta property=\"article:modified_time\" content=\"2025-05-17T16:52:57+00:00\" \/>\n<meta name=\"twitter:card\" content=\"summary_large_image\" \/>\n<meta name=\"twitter:label1\" content=\"Dur\u00e9e de lecture estim\u00e9e\" \/>\n\t<meta name=\"twitter:data1\" content=\"1 minute\" \/>\n<script type=\"application\/ld+json\" class=\"yoast-schema-graph\">{\"@context\":\"https:\/\/schema.org\",\"@graph\":[{\"@type\":\"WebPage\",\"@id\":\"https:\/\/mallacom.tn\/?page_id=93\",\"url\":\"https:\/\/mallacom.tn\/?page_id=93\",\"name\":\"- MallaCom\",\"isPartOf\":{\"@id\":\"https:\/\/mallacom.tn\/#website\"},\"datePublished\":\"2025-04-22T21:14:15+00:00\",\"dateModified\":\"2025-05-17T16:52:57+00:00\",\"inLanguage\":\"fr-FR\",\"potentialAction\":[{\"@type\":\"ReadAction\",\"target\":[\"https:\/\/mallacom.tn\/?page_id=93\"]}]},{\"@type\":\"WebSite\",\"@id\":\"https:\/\/mallacom.tn\/#website\",\"url\":\"https:\/\/mallacom.tn\/\",\"name\":\"MallaCom\",\"description\":\"\ud83d\ude80 Boostez votre visibilit\u00e9 avec MallaCom\",\"publisher\":{\"@id\":\"https:\/\/mallacom.tn\/#organization\"},\"potentialAction\":[{\"@type\":\"SearchAction\",\"target\":{\"@type\":\"EntryPoint\",\"urlTemplate\":\"https:\/\/mallacom.tn\/?s={search_term_string}\"},\"query-input\":{\"@type\":\"PropertyValueSpecification\",\"valueRequired\":true,\"valueName\":\"search_term_string\"}}],\"inLanguage\":\"fr-FR\"},{\"@type\":\"Organization\",\"@id\":\"https:\/\/mallacom.tn\/#organization\",\"name\":\"MallaCom\",\"url\":\"https:\/\/mallacom.tn\/\",\"logo\":{\"@type\":\"ImageObject\",\"inLanguage\":\"fr-FR\",\"@id\":\"https:\/\/mallacom.tn\/#\/schema\/logo\/image\/\",\"url\":\"https:\/\/mallacom.tn\/wp-content\/uploads\/2025\/05\/cropped-malla-com-png-1.png\",\"contentUrl\":\"https:\/\/mallacom.tn\/wp-content\/uploads\/2025\/05\/cropped-malla-com-png-1.png\",\"width\":776,\"height\":336,\"caption\":\"MallaCom\"},\"image\":{\"@id\":\"https:\/\/mallacom.tn\/#\/schema\/logo\/image\/\"},\"sameAs\":[\"https:\/\/www.facebook.com\/share\/19N8hXDuaQ\/?mibextid=wwXIfr\",\"https:\/\/l.facebook.com\/l.php?u=httpswww.instagram.com_umallacom_fbclidIwZXh0bgNhZW0CMTAAYnJpZBExdVJGeFJDTVlwcE9BckpXdwEeZ1eJkbk90eruCsGOLG2_eDBuZoiO941RMhbVJ0X063vyzOvJL2qlQTStsLY_aem_a3hNbjT9Nnpb2I9FhV0Zjw&h=AT33jPzBV3WshPJZZY4qFuniieCUdRotuW1ig-Ie8HLGUYotmTKsk2AVMwnWszhwroE5i_vNVqudu_KprmlYm4KpdM297eWQBmwGzKpN3uSSDJ2EaUALvXZNR8iqahlf\"]}]}<\/script>\n<!-- \/ Yoast SEO plugin. -->","yoast_head_json":{"title":"- MallaCom","robots":{"index":"index","follow":"follow","max-snippet":"max-snippet:-1","max-image-preview":"max-image-preview:large","max-video-preview":"max-video-preview:-1"},"canonical":"https:\/\/mallacom.tn\/?page_id=93","og_locale":"fr_FR","og_type":"article","og_title":"- MallaCom","og_description":"Cr\u00e9ation de contenu digital Mettez vos produits et votre lieu en valeur ! Le contenu visuel est la cl\u00e9 pour [&hellip;]","og_url":"https:\/\/mallacom.tn\/?page_id=93","og_site_name":"MallaCom","article_publisher":"https:\/\/www.facebook.com\/share\/19N8hXDuaQ\/?mibextid=wwXIfr","article_modified_time":"2025-05-17T16:52:57+00:00","twitter_card":"summary_large_image","twitter_misc":{"Dur\u00e9e de lecture estim\u00e9e":"1 minute"},"schema":{"@context":"https:\/\/schema.org","@graph":[{"@type":"WebPage","@id":"https:\/\/mallacom.tn\/?page_id=93","url":"https:\/\/mallacom.tn\/?page_id=93","name":"- MallaCom","isPartOf":{"@id":"https:\/\/mallacom.tn\/#website"},"datePublished":"2025-04-22T21:14:15+00:00","dateModified":"2025-05-17T16:52:57+00:00","inLanguage":"fr-FR","potentialAction":[{"@type":"ReadAction","target":["https:\/\/mallacom.tn\/?page_id=93"]}]},{"@type":"WebSite","@id":"https:\/\/mallacom.tn\/#website","url":"https:\/\/mallacom.tn\/","name":"MallaCom","description":"\ud83d\ude80 Boostez votre visibilit\u00e9 avec MallaCom","publisher":{"@id":"https:\/\/mallacom.tn\/#organization"},"potentialAction":[{"@type":"SearchAction","target":{"@type":"EntryPoint","urlTemplate":"https:\/\/mallacom.tn\/?s={search_term_string}"},"query-input":{"@type":"PropertyValueSpecification","valueRequired":true,"valueName":"search_term_string"}}],"inLanguage":"fr-FR"},{"@type":"Organization","@id":"https:\/\/mallacom.tn\/#organization","name":"MallaCom","url":"https:\/\/mallacom.tn\/","logo":{"@type":"ImageObject","inLanguage":"fr-FR","@id":"https:\/\/mallacom.tn\/#\/schema\/logo\/image\/","url":"https:\/\/mallacom.tn\/wp-content\/uploads\/2025\/05\/cropped-malla-com-png-1.png","contentUrl":"https:\/\/mallacom.tn\/wp-content\/uploads\/2025\/05\/cropped-malla-com-png-1.png","width":776,"height":336,"caption":"MallaCom"},"image":{"@id":"https:\/\/mallacom.tn\/#\/schema\/logo\/image\/"},"sameAs":["https:\/\/www.facebook.com\/share\/19N8hXDuaQ\/?mibextid=wwXIfr","https:\/\/l.facebook.com\/l.php?u=httpswww.instagram.com_umallacom_fbclidIwZXh0bgNhZW0CMTAAYnJpZBExdVJGeFJDTVlwcE9BckpXdwEeZ1eJkbk90eruCsGOLG2_eDBuZoiO941RMhbVJ0X063vyzOvJL2qlQTStsLY_aem_a3hNbjT9Nnpb2I9FhV0Zjw&h=AT33jPzBV3WshPJZZY4qFuniieCUdRotuW1ig-Ie8HLGUYotmTKsk2AVMwnWszhwroE5i_vNVqudu_KprmlYm4KpdM297eWQBmwGzKpN3uSSDJ2EaUALvXZNR8iqahlf"]}]}},"jetpack_sharing_enabled":true,"_links":{"self":[{"href":"https:\/\/mallacom.tn\/index.php?rest_route=\/wp\/v2\/pages\/93","targetHints":{"allow":["GET"]}}],"collection":[{"href":"https:\/\/mallacom.tn\/index.php?rest_route=\/wp\/v2\/pages"}],"about":[{"href":"https:\/\/mallacom.tn\/index.php?rest_route=\/wp\/v2\/types\/page"}],"author":[{"embeddable":true,"href":"https:\/\/mallacom.tn\/index.php?rest_route=\/wp\/v2\/users\/1"}],"replies":[{"embeddable":true,"href":"https:\/\/mallacom.tn\/index.php?rest_route=%2Fwp%2Fv2%2Fcomments&post=93"}],"version-history":[{"count":12,"href":"https:\/\/mallacom.tn\/index.php?rest_route=\/wp\/v2\/pages\/93\/revisions"}],"predecessor-version":[{"id":406,"href":"https:\/\/mallacom.tn\/index.php?rest_route=\/wp\/v2\/pages\/93\/revisions\/406"}],"wp:attachment":[{"href":"https:\/\/mallacom.tn\/index.php?rest_route=%2Fwp%2Fv2%2Fmedia&parent=93"}],"curies":[{"name":"wp","href":"https:\/\/api.w.org\/{rel}","templated":true}]}}